{"id":753,"date":"2020-07-22T09:21:08","date_gmt":"2020-07-22T09:21:08","guid":{"rendered":"http:\/\/raizes.store.meulink.net\/?page_id=753"},"modified":"2022-10-24T16:29:33","modified_gmt":"2022-10-24T15:29:33","slug":"faqs","status":"publish","type":"page","link":"https:\/\/raizes.shoes\/en\/faqs\/","title":{"rendered":"FAQs"},"content":{"rendered":"<p>[et_pb_section fb_built=&#8221;1&#8243; _builder_version=&#8221;4.16&#8243; custom_padding=&#8221;0px||0px||true|false&#8221; global_colors_info=&#8221;{}&#8221;][et_pb_row custom_padding_last_edited=&#8221;on|phone&#8221; _builder_version=&#8221;4.16&#8243; custom_padding=&#8221;100px||100px||true|false&#8221; custom_padding_tablet=&#8221;&#8221; custom_padding_phone=&#8221;70px||70px||true|false&#8221; global_colors_info=&#8221;{}&#8221;][et_pb_column type=&#8221;4_4&#8243; _builder_version=&#8221;4.16&#8243; global_colors_info=&#8221;{}&#8221;][et_pb_text _builder_version=&#8221;4.16&#8243; text_font=&#8221;PT Serif|700|on|on|||||&#8221; text_text_color=&#8221;#000000&#8243; text_font_size=&#8221;24px&#8221; text_letter_spacing=&#8221;1px&#8221; text_line_height=&#8221;34px&#8221; custom_margin=&#8221;||10px||false|false&#8221; global_colors_info=&#8221;{}&#8221;]<\/p>\n<p style=\"text-align: center;\">Perguntas Frequentes \u2013 FAQs<\/p>\n<p>[\/et_pb_text][et_pb_text _builder_version=&#8221;4.16&#8243; text_font=&#8221;Raleway||||||||&#8221; text_text_color=&#8221;#000000&#8243; text_letter_spacing=&#8221;1px&#8221; text_line_height=&#8221;20px&#8221; custom_margin=&#8221;0px||0px||false|false&#8221; global_colors_info=&#8221;{}&#8221;]<\/p>\n<p style=\"text-align: center;\">Encontre facilmente respostas \u00e0s suas perguntas sobre os produtos e servi\u00e7os da nossa loja online<\/p>\n<p>[\/et_pb_text][et_pb_text _builder_version=&#8221;4.16&#8243; _module_preset=&#8221;default&#8221; text_font=&#8221;||||||||&#8221; text_text_color=&#8221;#000000&#8243; text_font_size=&#8221;12px&#8221; text_letter_spacing=&#8221;1px&#8221; text_line_height=&#8221;20px&#8221; link_font=&#8221;||||||||&#8221; link_text_color=&#8221;#000000&#8243; custom_margin=&#8221;70px||||false|false&#8221; custom_padding=&#8221;||||false|false&#8221; global_colors_info=&#8221;{}&#8221; custom_css_main_element__hover_enabled=&#8221;off|desktop&#8221; link_text_color__hover_enabled=&#8221;on|desktop&#8221; link_text_color__hover=&#8221;#958a6f&#8221;]<\/p>\n<p>1. <a href=\"#faq1\">Qual o tamanho a encomendar?<\/a><\/p>\n<p>2. <a href=\"#faq2\">Quanto tempo demora a minha encomenda?<\/a><\/p>\n<p>3. <a href=\"#faq3\">Quanto tempo tenho para fazer o pagamento da encomenda?<\/a><\/p>\n<p>4. <a href=\"#faq4\">Posso receber o artigo noutra morada?<\/a><\/p>\n<p>5. <a href=\"#faq5\">Como conservar o cal\u00e7ado?<\/a><\/p>\n<p>6. <a href=\"#faq6\">Como posso trocar ou devolver um artigo?<\/a><\/p>\n<p>[\/et_pb_text][et_pb_blurb title=&#8221;1. Qual o tamanho a encomendar?&#8221; content_max_width=&#8221;100%&#8221; module_id=&#8221;faq1&#8243; _builder_version=&#8221;4.16&#8243; header_font=&#8221;Raleway|||on|||||&#8221; header_text_color=&#8221;#958A6F&#8221; header_font_size=&#8221;12px&#8221; header_letter_spacing=&#8221;1px&#8221; header_line_height=&#8221;18px&#8221; body_font=&#8221;Raleway||||||||&#8221; body_text_color=&#8221;#4C4C4C&#8221; module_alignment=&#8221;center&#8221; custom_margin=&#8221;70px||||false|false&#8221; custom_css_blurb_title=&#8221;content: %22DESCRI\u00c7\u00c3O%22;||border-bottom: 0.75px solid #958A6F; ||display: flex;||align-items: flex-end;||margin: 0 0 25px;&#8221; custom_css_blurb_content=&#8221;text-align: justify;&#8221; global_colors_info=&#8221;{}&#8221;]<\/p>\n<p>Para saber que n\u00famero cal\u00e7a basta medir o seu p\u00e9. Para tal, coloque-o numa folha de papel em branco (tem de estar em p\u00e9 e direito) e pe\u00e7a a outra pessoa que contorne a parte da frente dos seus dedos e a parte de tr\u00e1s do calcanhar com uma caneta posicionada na vertical. Com a ajuda de uma fita m\u00e9trica ou r\u00e9gua veja quantos cent\u00edmetros mede, e confira no nosso guia de tamanhos (confirme se costuma ser o tamanho que cal\u00e7a).<\/p>\n<p>[\/et_pb_blurb][et_pb_blurb title=&#8221;2. Quanto tempo demora a minha encomenda?&#8221; content_max_width=&#8221;100%&#8221; module_id=&#8221;faq2&#8243; _builder_version=&#8221;4.18.0&#8243; header_font=&#8221;Raleway|||on|||||&#8221; header_text_color=&#8221;#958A6F&#8221; header_font_size=&#8221;12px&#8221; header_letter_spacing=&#8221;1px&#8221; header_line_height=&#8221;18px&#8221; body_font=&#8221;Raleway||||||||&#8221; body_text_color=&#8221;#4C4C4C&#8221; module_alignment=&#8221;center&#8221; custom_margin=&#8221;50px||||false|false&#8221; hover_enabled=&#8221;0&#8243; custom_css_blurb_title=&#8221;content: %22DESCRI\u00c7\u00c3O%22;||border-bottom: 0.75px solid #958A6F; ||display: flex;||align-items: flex-end;||margin: 0 0 25px;&#8221; custom_css_blurb_content=&#8221;text-align: justify;&#8221; global_colors_info=&#8221;{}&#8221; sticky_enabled=&#8221;0&#8243;]<\/p>\n<p>Como cada par de sapatos\/botas \u00e9 feito \u00e0 medida, quando rececionamos a encomenda, demoramos cerca de 10 a 15 dias \u00fateis, sendo que fazemos todos os poss\u00edveis para entregar antes.<\/p>\n<p>[\/et_pb_blurb][et_pb_blurb title=&#8221;3. Quanto tempo tenho para fazer o pagamento da encomenda?&#8221; content_max_width=&#8221;100%&#8221; module_id=&#8221;faq3&#8243; _builder_version=&#8221;4.16&#8243; header_font=&#8221;Raleway|||on|||||&#8221; header_text_color=&#8221;#958A6F&#8221; header_font_size=&#8221;12px&#8221; header_letter_spacing=&#8221;1px&#8221; header_line_height=&#8221;18px&#8221; body_font=&#8221;Raleway||||||||&#8221; body_text_color=&#8221;#4C4C4C&#8221; module_alignment=&#8221;center&#8221; custom_margin=&#8221;50px||||false|false&#8221; custom_css_blurb_title=&#8221;content: %22DESCRI\u00c7\u00c3O%22;||border-bottom: 0.75px solid #958A6F; ||display: flex;||align-items: flex-end;||margin: 0 0 25px;&#8221; custom_css_blurb_content=&#8221;text-align: justify;&#8221; global_colors_info=&#8221;{}&#8221;]<\/p>\n<p>A encomenda fica reservada at\u00e9 48 horas, subsequentes \u00e0 data em que a mesma foi efetuada. O n\u00e3o pagamento implica o cancelamento autom\u00e1tico da mesma.<\/p>\n<p>[\/et_pb_blurb][et_pb_blurb title=&#8221;4. Posso receber o artigo noutra morada?&#8221; content_max_width=&#8221;100%&#8221; module_id=&#8221;faq4&#8243; _builder_version=&#8221;4.16&#8243; header_font=&#8221;Raleway|||on|||||&#8221; header_text_color=&#8221;#958A6F&#8221; header_font_size=&#8221;12px&#8221; header_letter_spacing=&#8221;1px&#8221; header_line_height=&#8221;18px&#8221; body_font=&#8221;Raleway||||||||&#8221; body_text_color=&#8221;#4C4C4C&#8221; module_alignment=&#8221;center&#8221; custom_margin=&#8221;50px||||false|false&#8221; custom_css_blurb_title=&#8221;content: %22DESCRI\u00c7\u00c3O%22;||border-bottom: 0.75px solid #958A6F; ||display: flex;||align-items: flex-end;||margin: 0 0 25px;&#8221; custom_css_blurb_content=&#8221;text-align: justify;&#8221; global_colors_info=&#8221;{}&#8221;]<\/p>\n<p>Sim, pode. Desde que indique na \u00e1rea \u2018NOTAS\u2019 que pretende que morada \u201cX\u201d seja a da entrega da mercadoria.<\/p>\n<p>[\/et_pb_blurb][et_pb_blurb title=&#8221;5. Como conservar o cal\u00e7ado?&#8221; content_max_width=&#8221;100%&#8221; module_id=&#8221;faq5&#8243; _builder_version=&#8221;4.16&#8243; header_font=&#8221;Raleway|||on|||||&#8221; header_text_color=&#8221;#958A6F&#8221; header_font_size=&#8221;12px&#8221; header_letter_spacing=&#8221;1px&#8221; header_line_height=&#8221;18px&#8221; body_font=&#8221;Raleway||||||||&#8221; body_text_color=&#8221;#4C4C4C&#8221; module_alignment=&#8221;center&#8221; custom_margin=&#8221;50px||||false|false&#8221; custom_padding=&#8221;||||false|false&#8221; custom_css_blurb_title=&#8221;content: %22DESCRI\u00c7\u00c3O%22;||border-bottom: 0.75px solid #958A6F; ||display: flex;||align-items: flex-end;||margin: 0 0 25px;&#8221; custom_css_blurb_content=&#8221;text-align: justify;&#8221; global_colors_info=&#8221;{}&#8221;]<\/p>\n<p>Como usamos apenas peles naturais, existem certos cuidados a ter na conserva\u00e7\u00e3o do cal\u00e7ado.<\/p>\n<p>Nunca coloque o cal\u00e7ado na m\u00e1quina de lavar roupa. Se o cal\u00e7ado for em pele deve usar apenas um pano h\u00famido. Na pele em Nobuk tem de passar com uma escova adequada e tirar a sujidade que conseguir e, de seguida, pulverize com o spray impermeabilizante. Este vai evitar que o Nobuk absorva qualquer pingo que caia sobre o sapato ou bota.<\/p>\n<p>No uso di\u00e1rio dever\u00e1 colocar o cal\u00e7ado num local arejado depois da sua utiliza\u00e7\u00e3o e, se poss\u00edvel, coloque um enchuma\u00e7o para este nunca perder a sua forma.<\/p>\n<p>[\/et_pb_blurb][et_pb_blurb title=&#8221;6. Como posso trocar ou devolver um artigo?&#8221; content_max_width=&#8221;100%&#8221; module_id=&#8221;faq6&#8243; _builder_version=&#8221;4.16&#8243; header_font=&#8221;Raleway|||on|||||&#8221; header_text_color=&#8221;#958A6F&#8221; header_font_size=&#8221;12px&#8221; header_letter_spacing=&#8221;1px&#8221; header_line_height=&#8221;18px&#8221; body_font=&#8221;Raleway||||||||&#8221; body_text_color=&#8221;#4C4C4C&#8221; module_alignment=&#8221;center&#8221; custom_margin=&#8221;50px||||false|false&#8221; custom_css_blurb_title=&#8221;content: %22DESCRI\u00c7\u00c3O%22;||border-bottom: 0.75px solid #958A6F; ||display: flex;||align-items: flex-end;||margin: 0 0 25px;&#8221; custom_css_blurb_content=&#8221;text-align: justify;&#8221; global_colors_info=&#8221;{}&#8221;]Aceitamos a troca ou devolu\u00e7\u00e3o dos seus artigos no prazo m\u00e1ximo de 14 dias. S\u00f3 procedemos \u00e0 troca caso haja uma justifica\u00e7\u00e3o plaus\u00edvel. Depois de confirmado as condi\u00e7\u00f5es do artigo, ser\u00e1 reembolsado por transfer\u00eancia no prazo m\u00e1ximo de 48 horas.<\/p>\n<p>As despesas de transporte originadas pela troca ou devolu\u00e7\u00e3o ficam a cargo do cliente. Nesta situa\u00e7\u00e3o, \u00e9 apenas restitu\u00eddo o valor dos artigos, ficando assim a cargo do cliente os custos dos portes de envio. No caso de devolu\u00e7\u00e3o estar na origem de um erro log\u00edstico da RA\u00cdZES, a mesma proceder\u00e1 \u00e0 recolha do artigo, assumindo os encargos da devolu\u00e7\u00e3o, bem como os portes de envio do produto correto.<\/p>\n<p>Os artigos que adquiriu dever\u00e3o ser devolvidos no estado original em que os recebeu, acompanhados da respetiva fatura para a morada:<\/p>\n<p>RAFAELA SILVA, UNIPESSOAL LDA.<br \/>\nRua Monges de Cister, 35<br \/>\n2475-130 Benedita[\/et_pb_blurb][\/et_pb_column][\/et_pb_row][\/et_pb_section]<\/p>\n","protected":false},"excerpt":{"rendered":"<p>Perguntas Frequentes \u2013 FAQsEncontre facilmente respostas \u00e0s suas perguntas sobre os produtos e servi\u00e7os da nossa loja online1. Qual o tamanho a encomendar? 2. Quanto tempo demora a minha encomenda? 3. Quanto tempo tenho para fazer o pagamento da encomenda? 4. Posso receber o artigo noutra morada? 5. Como conservar o cal\u00e7ado? 6. Como posso trocar ou devolver um artigo?Para saber que n\u00famero cal\u00e7a basta medir o seu p\u00e9. Para tal, coloque-o numa folha de papel em branco (tem de estar em p\u00e9 e direito) e pe\u00e7a a outra pessoa que contorne a parte da frente dos seus dedos e a parte de tr\u00e1s do calcanhar com uma caneta posicionada na vertical. Com a ajuda de uma fita m\u00e9trica ou r\u00e9gua veja quantos cent\u00edmetros mede, e confira no nosso guia de tamanhos (confirme se costuma ser o tamanho que cal\u00e7a).Como cada par de sapatos\/botas \u00e9 feito \u00e0 medida, quando rececionamos a encomenda, demoramos cerca de 10 a 15 dias \u00fateis, sendo que fazemos todos os poss\u00edveis para entregar antes.A encomenda fica reservada at\u00e9 48 horas, subsequentes \u00e0 data em que a mesma foi efetuada. O n\u00e3o pagamento implica o cancelamento autom\u00e1tico da mesma.Sim, pode. Desde que indique na \u00e1rea \u2018NOTAS\u2019 [&hellip;]<\/p>\n","protected":false},"author":1,"featured_media":0,"parent":0,"menu_order":10,"comment_status":"closed","ping_status":"open","template":"","meta":{"_acf_changed":false,"_et_pb_use_builder":"on","_et_pb_old_content":"","_et_gb_content_width":"","footnotes":""},"class_list":["post-753","page","type-page","status-publish","hentry"],"acf":[],"_links":{"self":[{"href":"https:\/\/raizes.shoes\/en\/wp-json\/wp\/v2\/pages\/753","targetHints":{"allow":["GET"]}}],"collection":[{"href":"https:\/\/raizes.shoes\/en\/wp-json\/wp\/v2\/pages"}],"about":[{"href":"https:\/\/raizes.shoes\/en\/wp-json\/wp\/v2\/types\/page"}],"author":[{"embeddable":true,"href":"https:\/\/raizes.shoes\/en\/wp-json\/wp\/v2\/users\/1"}],"replies":[{"embeddable":true,"href":"https:\/\/raizes.shoes\/en\/wp-json\/wp\/v2\/comments?post=753"}],"version-history":[{"count":1,"href":"https:\/\/raizes.shoes\/en\/wp-json\/wp\/v2\/pages\/753\/revisions"}],"predecessor-version":[{"id":4616,"href":"https:\/\/raizes.shoes\/en\/wp-json\/wp\/v2\/pages\/753\/revisions\/4616"}],"wp:attachment":[{"href":"https:\/\/raizes.shoes\/en\/wp-json\/wp\/v2\/media?parent=753"}],"curies":[{"name":"wp","href":"https:\/\/api.w.org\/{rel}","templated":true}]}}